{"id":2,"date":"2020-05-04T22:27:44","date_gmt":"2020-05-04T22:27:44","guid":{"rendered":"http:\/\/reycatermicocanarias.es\/?page_id=2"},"modified":"2020-05-09T12:50:29","modified_gmt":"2020-05-09T13:50:29","slug":"trabajos","status":"publish","type":"page","link":"https:\/\/reycatermicocanarias.es\/?page_id=2","title":{"rendered":"Trabajos"},"content":{"rendered":"\t\t<div data-elementor-type=\"wp-page\" data-elementor-id=\"2\" class=\"elementor elementor-2\">\n\t\t\t\t\t\t<section class=\"elementor-section elementor-top-section elementor-element elementor-element-5d1c491 elementor-section-boxed elementor-section-height-default elementor-section-height-default\" data-id=\"5d1c491\" data-element_type=\"section\">\n\t\t\t\t\t\t<div class=\"elementor-container elementor-column-gap-default\">\n\t\t\t\t\t<div class=\"elementor-column elementor-col-50 elementor-top-column elementor-element elementor-element-8d5fd63\" data-id=\"8d5fd63\" data-element_type=\"column\">\n\t\t\t<div class=\"elementor-widget-wrap elementor-element-populated\">\n\t\t\t\t\t\t<div class=\"elementor-element elementor-element-a251e52 elementor-widget elementor-widget-image\" data-id=\"a251e52\" data-element_type=\"widget\" data-widget_type=\"image.default\">\n\t\t\t\t<div class=\"elementor-widget-container\">\n\t\t\t\t\t\t\t\t\t\t\t\t\t<img fetchpriority=\"high\" decoding=\"async\" width=\"768\" height=\"1024\" src=\"https:\/\/reycatermicocanarias.es\/wp-content\/uploads\/2018\/10\/IMG_2567-768x1024.jpg\" class=\"attachment-medium_large size-medium_large wp-image-416\" alt=\"\" srcset=\"https:\/\/reycatermicocanarias.es\/wp-content\/uploads\/2018\/10\/IMG_2567-768x1024.jpg 768w, https:\/\/reycatermicocanarias.es\/wp-content\/uploads\/2018\/10\/IMG_2567-225x300.jpg 225w, https:\/\/reycatermicocanarias.es\/wp-content\/uploads\/2018\/10\/IMG_2567-1152x1536.jpg 1152w, https:\/\/reycatermicocanarias.es\/wp-content\/uploads\/2018\/10\/IMG_2567-1536x2048.jpg 1536w, https:\/\/reycatermicocanarias.es\/wp-content\/uploads\/2018\/10\/IMG_2567-scaled.jpg 1920w\" sizes=\"(max-width: 768px) 100vw, 768px\" \/>\t\t\t\t\t\t\t\t\t\t\t\t\t<\/div>\n\t\t\t\t<\/div>\n\t\t\t\t\t<\/div>\n\t\t<\/div>\n\t\t\t\t<div class=\"elementor-column elementor-col-50 elementor-top-column elementor-element elementor-element-2a4d727\" data-id=\"2a4d727\" data-element_type=\"column\">\n\t\t\t<div class=\"elementor-widget-wrap elementor-element-populated\">\n\t\t\t\t\t\t<div class=\"elementor-element elementor-element-32a4874 elementor-widget elementor-widget-heading\" data-id=\"32a4874\" data-element_type=\"widget\" data-widget_type=\"heading.default\">\n\t\t\t\t<div class=\"elementor-widget-container\">\n\t\t\t<h2 class=\"elementor-heading-title elementor-size-default\">Vitrocer\u00e1micas<\/h2>\t\t<\/div>\n\t\t\t\t<\/div>\n\t\t\t\t<div class=\"elementor-element elementor-element-e46a4de elementor-widget elementor-widget-text-editor\" data-id=\"e46a4de\" data-element_type=\"widget\" data-widget_type=\"text-editor.default\">\n\t\t\t\t<div class=\"elementor-widget-container\">\n\t\t\t\t\t\t\t<p><!-- wp:paragraph --><\/p>\n<p>Reparamos e instalamos todo tipo de vitrocer\u00e1micas: radiantes y de inducci\u00f3n. Substituci\u00f3n de cristales, modulos, resistencias de cualquier marca.<\/p>\n<p>\u00a0<\/p>\n<p><!-- \/wp:paragraph --><\/p>\n<p>:<\/p>\t\t\t\t\t\t<\/div>\n\t\t\t\t<\/div>\n\t\t\t\t\t<\/div>\n\t\t<\/div>\n\t\t\t\t\t<\/div>\n\t\t<\/section>\n\t\t\t\t<section class=\"elementor-section elementor-top-section elementor-element elementor-element-d03ad48 elementor-section-boxed elementor-section-height-default elementor-section-height-default\" data-id=\"d03ad48\" data-element_type=\"section\">\n\t\t\t\t\t\t<div class=\"elementor-container elementor-column-gap-default\">\n\t\t\t\t\t<div class=\"elementor-column elementor-col-50 elementor-top-column elementor-element elementor-element-a33caa2\" data-id=\"a33caa2\" data-element_type=\"column\">\n\t\t\t<div class=\"elementor-widget-wrap elementor-element-populated\">\n\t\t\t\t\t\t<div class=\"elementor-element elementor-element-473e22c elementor-widget elementor-widget-image\" data-id=\"473e22c\" data-element_type=\"widget\" data-widget_type=\"image.default\">\n\t\t\t\t<div class=\"elementor-widget-container\">\n\t\t\t\t\t\t\t\t\t\t\t\t\t<img decoding=\"async\" width=\"768\" height=\"1024\" src=\"https:\/\/reycatermicocanarias.es\/wp-content\/uploads\/2018\/10\/IMG_2657-768x1024.jpg\" class=\"attachment-medium_large size-medium_large wp-image-417\" alt=\"\" srcset=\"https:\/\/reycatermicocanarias.es\/wp-content\/uploads\/2018\/10\/IMG_2657-768x1024.jpg 768w, https:\/\/reycatermicocanarias.es\/wp-content\/uploads\/2018\/10\/IMG_2657-225x300.jpg 225w, https:\/\/reycatermicocanarias.es\/wp-content\/uploads\/2018\/10\/IMG_2657-1152x1536.jpg 1152w, https:\/\/reycatermicocanarias.es\/wp-content\/uploads\/2018\/10\/IMG_2657-1536x2048.jpg 1536w, https:\/\/reycatermicocanarias.es\/wp-content\/uploads\/2018\/10\/IMG_2657-scaled.jpg 1920w\" sizes=\"(max-width: 768px) 100vw, 768px\" \/>\t\t\t\t\t\t\t\t\t\t\t\t\t<\/div>\n\t\t\t\t<\/div>\n\t\t\t\t\t<\/div>\n\t\t<\/div>\n\t\t\t\t<div class=\"elementor-column elementor-col-50 elementor-top-column elementor-element elementor-element-8203f6b\" data-id=\"8203f6b\" data-element_type=\"column\">\n\t\t\t<div class=\"elementor-widget-wrap elementor-element-populated\">\n\t\t\t\t\t\t<div class=\"elementor-element elementor-element-d43137c elementor-widget elementor-widget-heading\" data-id=\"d43137c\" data-element_type=\"widget\" data-widget_type=\"heading.default\">\n\t\t\t\t<div class=\"elementor-widget-container\">\n\t\t\t<h2 class=\"elementor-heading-title elementor-size-default\">Hornos<\/h2>\t\t<\/div>\n\t\t\t\t<\/div>\n\t\t\t\t<div class=\"elementor-element elementor-element-2f2e1bd elementor-widget elementor-widget-text-editor\" data-id=\"2f2e1bd\" data-element_type=\"widget\" data-widget_type=\"text-editor.default\">\n\t\t\t\t<div class=\"elementor-widget-container\">\n\t\t\t\t\t\t\t<p><!-- wp:paragraph --><\/p>\n<p>Reparamos e instalamos todo tipo de hornos:convencionales, pirol\u00edticos y de gas. M\u00f3dulos, ventiladores, resistencias, inyectores y resto de componentes.<\/p>\n<p><!-- \/wp:paragraph --><\/p>\t\t\t\t\t\t<\/div>\n\t\t\t\t<\/div>\n\t\t\t\t\t<\/div>\n\t\t<\/div>\n\t\t\t\t\t<\/div>\n\t\t<\/section>\n\t\t\t\t<section class=\"elementor-section elementor-top-section elementor-element elementor-element-ce3d8de elementor-section-boxed elementor-section-height-default elementor-section-height-default\" data-id=\"ce3d8de\" data-element_type=\"section\">\n\t\t\t\t\t\t<div class=\"elementor-container elementor-column-gap-default\">\n\t\t\t\t\t<div class=\"elementor-column elementor-col-50 elementor-top-column elementor-element elementor-element-85afbb9\" data-id=\"85afbb9\" data-element_type=\"column\">\n\t\t\t<div class=\"elementor-widget-wrap elementor-element-populated\">\n\t\t\t\t\t\t<div class=\"elementor-element elementor-element-a8698e7 elementor-widget elementor-widget-image\" data-id=\"a8698e7\" data-element_type=\"widget\" data-widget_type=\"image.default\">\n\t\t\t\t<div class=\"elementor-widget-container\">\n\t\t\t\t\t\t\t\t\t\t\t\t\t<img decoding=\"async\" width=\"768\" height=\"1024\" src=\"https:\/\/reycatermicocanarias.es\/wp-content\/uploads\/2018\/10\/IMG_2681-768x1024.jpg\" class=\"attachment-medium_large size-medium_large wp-image-418\" alt=\"\" srcset=\"https:\/\/reycatermicocanarias.es\/wp-content\/uploads\/2018\/10\/IMG_2681-768x1024.jpg 768w, https:\/\/reycatermicocanarias.es\/wp-content\/uploads\/2018\/10\/IMG_2681-225x300.jpg 225w, https:\/\/reycatermicocanarias.es\/wp-content\/uploads\/2018\/10\/IMG_2681-1152x1536.jpg 1152w, https:\/\/reycatermicocanarias.es\/wp-content\/uploads\/2018\/10\/IMG_2681-1536x2048.jpg 1536w, https:\/\/reycatermicocanarias.es\/wp-content\/uploads\/2018\/10\/IMG_2681-scaled.jpg 1920w\" sizes=\"(max-width: 768px) 100vw, 768px\" \/>\t\t\t\t\t\t\t\t\t\t\t\t\t<\/div>\n\t\t\t\t<\/div>\n\t\t\t\t\t<\/div>\n\t\t<\/div>\n\t\t\t\t<div class=\"elementor-column elementor-col-50 elementor-top-column elementor-element elementor-element-593892c\" data-id=\"593892c\" data-element_type=\"column\">\n\t\t\t<div class=\"elementor-widget-wrap elementor-element-populated\">\n\t\t\t\t\t\t<div class=\"elementor-element elementor-element-d852c3e elementor-widget elementor-widget-heading\" data-id=\"d852c3e\" data-element_type=\"widget\" data-widget_type=\"heading.default\">\n\t\t\t\t<div class=\"elementor-widget-container\">\n\t\t\t<h2 class=\"elementor-heading-title elementor-size-default\">Secadoras<\/h2>\t\t<\/div>\n\t\t\t\t<\/div>\n\t\t\t\t<div class=\"elementor-element elementor-element-a09b2a8 elementor-widget elementor-widget-text-editor\" data-id=\"a09b2a8\" data-element_type=\"widget\" data-widget_type=\"text-editor.default\">\n\t\t\t\t<div class=\"elementor-widget-container\">\n\t\t\t\t\t\t\t<p><!-- wp:paragraph --><\/p>\n<p>Reparamos e instalamos todo tipo de secadoras: ya sean de evacuaci\u00f3n, de bombas de calor y\u00a0 de condesaci\u00f3n. M\u00f3dulos, falta de refigerante, correas, resistencias, etc&#8230;<\/p>\n<p>\u00a0<\/p>\n<p><!-- \/wp:paragraph --><\/p>\n<p>\u00a0<\/p>\t\t\t\t\t\t<\/div>\n\t\t\t\t<\/div>\n\t\t\t\t\t<\/div>\n\t\t<\/div>\n\t\t\t\t\t<\/div>\n\t\t<\/section>\n\t\t\t\t<section class=\"elementor-section elementor-top-section elementor-element elementor-element-3fde3a4 elementor-section-boxed elementor-section-height-default elementor-section-height-default\" data-id=\"3fde3a4\" data-element_type=\"section\">\n\t\t\t\t\t\t<div class=\"elementor-container elementor-column-gap-default\">\n\t\t\t\t\t<div class=\"elementor-column elementor-col-50 elementor-top-column elementor-element elementor-element-b2f1104\" data-id=\"b2f1104\" data-element_type=\"column\">\n\t\t\t<div class=\"elementor-widget-wrap elementor-element-populated\">\n\t\t\t\t\t\t<div class=\"elementor-element elementor-element-ff273bc elementor-widget elementor-widget-image\" data-id=\"ff273bc\" data-element_type=\"widget\" data-widget_type=\"image.default\">\n\t\t\t\t<div class=\"elementor-widget-container\">\n\t\t\t\t\t\t\t\t\t\t\t\t\t<img loading=\"lazy\" decoding=\"async\" width=\"768\" height=\"1024\" src=\"https:\/\/reycatermicocanarias.es\/wp-content\/uploads\/2018\/10\/IMG_2538-768x1024.jpg\" class=\"attachment-medium_large size-medium_large wp-image-415\" alt=\"\" srcset=\"https:\/\/reycatermicocanarias.es\/wp-content\/uploads\/2018\/10\/IMG_2538-768x1024.jpg 768w, https:\/\/reycatermicocanarias.es\/wp-content\/uploads\/2018\/10\/IMG_2538-225x300.jpg 225w, https:\/\/reycatermicocanarias.es\/wp-content\/uploads\/2018\/10\/IMG_2538-1152x1536.jpg 1152w, https:\/\/reycatermicocanarias.es\/wp-content\/uploads\/2018\/10\/IMG_2538-1536x2048.jpg 1536w, https:\/\/reycatermicocanarias.es\/wp-content\/uploads\/2018\/10\/IMG_2538-scaled.jpg 1920w\" sizes=\"(max-width: 768px) 100vw, 768px\" \/>\t\t\t\t\t\t\t\t\t\t\t\t\t<\/div>\n\t\t\t\t<\/div>\n\t\t\t\t\t<\/div>\n\t\t<\/div>\n\t\t\t\t<div class=\"elementor-column elementor-col-50 elementor-top-column elementor-element elementor-element-be767ad\" data-id=\"be767ad\" data-element_type=\"column\">\n\t\t\t<div class=\"elementor-widget-wrap elementor-element-populated\">\n\t\t\t\t\t\t<div class=\"elementor-element elementor-element-99a7ade elementor-widget elementor-widget-heading\" data-id=\"99a7ade\" data-element_type=\"widget\" data-widget_type=\"heading.default\">\n\t\t\t\t<div class=\"elementor-widget-container\">\n\t\t\t<h2 class=\"elementor-heading-title elementor-size-default\">Microondas<\/h2>\t\t<\/div>\n\t\t\t\t<\/div>\n\t\t\t\t<div class=\"elementor-element elementor-element-7306cef elementor-widget elementor-widget-text-editor\" data-id=\"7306cef\" data-element_type=\"widget\" data-widget_type=\"text-editor.default\">\n\t\t\t\t<div class=\"elementor-widget-container\">\n\t\t\t\t\t\t\t<p><!-- wp:paragraph --><\/p>\n<p>Reparamos todo tipo de microondas y hornos microondas.<\/p>\n<p><!-- \/wp:paragraph --><\/p>\t\t\t\t\t\t<\/div>\n\t\t\t\t<\/div>\n\t\t\t\t\t<\/div>\n\t\t<\/div>\n\t\t\t\t\t<\/div>\n\t\t<\/section>\n\t\t\t\t<section class=\"elementor-section elementor-top-section elementor-element elementor-element-04a0f67 elementor-section-boxed elementor-section-height-default elementor-section-height-default\" data-id=\"04a0f67\" data-element_type=\"section\">\n\t\t\t\t\t\t<div class=\"elementor-container elementor-column-gap-default\">\n\t\t\t\t\t<div class=\"elementor-column elementor-col-50 elementor-top-column elementor-element elementor-element-454e7f5\" data-id=\"454e7f5\" data-element_type=\"column\">\n\t\t\t<div class=\"elementor-widget-wrap elementor-element-populated\">\n\t\t\t\t\t\t<div class=\"elementor-element elementor-element-0a4e355 elementor-widget elementor-widget-image\" data-id=\"0a4e355\" data-element_type=\"widget\" data-widget_type=\"image.default\">\n\t\t\t\t<div class=\"elementor-widget-container\">\n\t\t\t\t\t\t\t\t\t\t\t\t\t<img loading=\"lazy\" decoding=\"async\" width=\"768\" height=\"1024\" src=\"https:\/\/reycatermicocanarias.es\/wp-content\/uploads\/2018\/10\/IMG_2450-768x1024.jpg\" class=\"attachment-medium_large size-medium_large wp-image-414\" alt=\"\" srcset=\"https:\/\/reycatermicocanarias.es\/wp-content\/uploads\/2018\/10\/IMG_2450-768x1024.jpg 768w, https:\/\/reycatermicocanarias.es\/wp-content\/uploads\/2018\/10\/IMG_2450-225x300.jpg 225w, https:\/\/reycatermicocanarias.es\/wp-content\/uploads\/2018\/10\/IMG_2450-1152x1536.jpg 1152w, https:\/\/reycatermicocanarias.es\/wp-content\/uploads\/2018\/10\/IMG_2450-1536x2048.jpg 1536w, https:\/\/reycatermicocanarias.es\/wp-content\/uploads\/2018\/10\/IMG_2450-scaled.jpg 1920w\" sizes=\"(max-width: 768px) 100vw, 768px\" \/>\t\t\t\t\t\t\t\t\t\t\t\t\t<\/div>\n\t\t\t\t<\/div>\n\t\t\t\t\t<\/div>\n\t\t<\/div>\n\t\t\t\t<div class=\"elementor-column elementor-col-50 elementor-top-column elementor-element elementor-element-6db995d\" data-id=\"6db995d\" data-element_type=\"column\">\n\t\t\t<div class=\"elementor-widget-wrap elementor-element-populated\">\n\t\t\t\t\t\t<div class=\"elementor-element elementor-element-940c6fb elementor-widget elementor-widget-heading\" data-id=\"940c6fb\" data-element_type=\"widget\" data-widget_type=\"heading.default\">\n\t\t\t\t<div class=\"elementor-widget-container\">\n\t\t\t<h2 class=\"elementor-heading-title elementor-size-default\">Lavadoras<\/h2>\t\t<\/div>\n\t\t\t\t<\/div>\n\t\t\t\t<div class=\"elementor-element elementor-element-1677c0b elementor-widget elementor-widget-text-editor\" data-id=\"1677c0b\" data-element_type=\"widget\" data-widget_type=\"text-editor.default\">\n\t\t\t\t<div class=\"elementor-widget-container\">\n\t\t\t\t\t\t\t<p><!-- wp:paragraph --><\/p>\n<p>Reparamos e instalamos todas las marcas tanto de carga superior como de carga frotal.<\/p>\n<p><!-- \/wp:paragraph --><\/p>\t\t\t\t\t\t<\/div>\n\t\t\t\t<\/div>\n\t\t\t\t\t<\/div>\n\t\t<\/div>\n\t\t\t\t\t<\/div>\n\t\t<\/section>\n\t\t\t\t<section class=\"elementor-section elementor-top-section elementor-element elementor-element-f98963f elementor-section-boxed elementor-section-height-default elementor-section-height-default\" data-id=\"f98963f\" data-element_type=\"section\">\n\t\t\t\t\t\t<div class=\"elementor-container elementor-column-gap-default\">\n\t\t\t\t\t<div class=\"elementor-column elementor-col-50 elementor-top-column elementor-element elementor-element-90edbb4\" data-id=\"90edbb4\" data-element_type=\"column\">\n\t\t\t<div class=\"elementor-widget-wrap elementor-element-populated\">\n\t\t\t\t\t\t<div class=\"elementor-element elementor-element-cf97788 elementor-widget elementor-widget-image\" data-id=\"cf97788\" data-element_type=\"widget\" data-widget_type=\"image.default\">\n\t\t\t\t<div class=\"elementor-widget-container\">\n\t\t\t\t\t\t\t\t\t\t\t\t\t<img loading=\"lazy\" decoding=\"async\" width=\"768\" height=\"1024\" src=\"https:\/\/reycatermicocanarias.es\/wp-content\/uploads\/2018\/10\/IMG_2242-768x1024.jpg\" class=\"attachment-medium_large size-medium_large wp-image-413\" alt=\"\" srcset=\"https:\/\/reycatermicocanarias.es\/wp-content\/uploads\/2018\/10\/IMG_2242-768x1024.jpg 768w, https:\/\/reycatermicocanarias.es\/wp-content\/uploads\/2018\/10\/IMG_2242-225x300.jpg 225w, https:\/\/reycatermicocanarias.es\/wp-content\/uploads\/2018\/10\/IMG_2242-1152x1536.jpg 1152w, https:\/\/reycatermicocanarias.es\/wp-content\/uploads\/2018\/10\/IMG_2242-1536x2048.jpg 1536w, https:\/\/reycatermicocanarias.es\/wp-content\/uploads\/2018\/10\/IMG_2242-scaled.jpg 1920w\" sizes=\"(max-width: 768px) 100vw, 768px\" \/>\t\t\t\t\t\t\t\t\t\t\t\t\t<\/div>\n\t\t\t\t<\/div>\n\t\t\t\t\t<\/div>\n\t\t<\/div>\n\t\t\t\t<div class=\"elementor-column elementor-col-50 elementor-top-column elementor-element elementor-element-7ef87b6\" data-id=\"7ef87b6\" data-element_type=\"column\">\n\t\t\t<div class=\"elementor-widget-wrap elementor-element-populated\">\n\t\t\t\t\t\t<div class=\"elementor-element elementor-element-f426383 elementor-widget elementor-widget-heading\" data-id=\"f426383\" data-element_type=\"widget\" data-widget_type=\"heading.default\">\n\t\t\t\t<div class=\"elementor-widget-container\">\n\t\t\t<h2 class=\"elementor-heading-title elementor-size-default\">Aire acondicionado<\/h2>\t\t<\/div>\n\t\t\t\t<\/div>\n\t\t\t\t<div class=\"elementor-element elementor-element-3f913c4 elementor-widget elementor-widget-text-editor\" data-id=\"3f913c4\" data-element_type=\"widget\" data-widget_type=\"text-editor.default\">\n\t\t\t\t<div class=\"elementor-widget-container\">\n\t\t\t\t\t\t\t<p>Reparamos e instalamos todo tipo de aire acondicionado. En las instalaciones emitimos certificado conforme al Reglamento de Instalaciones T\u00e9rmicas en los Edificos (RITE) aprobado por el Real Decreto 552\/2019.<\/p>\t\t\t\t\t\t<\/div>\n\t\t\t\t<\/div>\n\t\t\t\t\t<\/div>\n\t\t<\/div>\n\t\t\t\t\t<\/div>\n\t\t<\/section>\n\t\t\t\t<section class=\"elementor-section elementor-top-section elementor-element elementor-element-b551d73 elementor-section-boxed elementor-section-height-default elementor-section-height-default\" data-id=\"b551d73\" data-element_type=\"section\">\n\t\t\t\t\t\t<div class=\"elementor-container elementor-column-gap-default\">\n\t\t\t\t\t<div class=\"elementor-column elementor-col-50 elementor-top-column elementor-element elementor-element-89e6983\" data-id=\"89e6983\" data-element_type=\"column\">\n\t\t\t<div class=\"elementor-widget-wrap elementor-element-populated\">\n\t\t\t\t\t\t<div class=\"elementor-element elementor-element-75d0031 elementor-widget elementor-widget-image\" data-id=\"75d0031\" data-element_type=\"widget\" data-widget_type=\"image.default\">\n\t\t\t\t<div class=\"elementor-widget-container\">\n\t\t\t\t\t\t\t\t\t\t\t\t\t<img loading=\"lazy\" decoding=\"async\" width=\"768\" height=\"1024\" src=\"https:\/\/reycatermicocanarias.es\/wp-content\/uploads\/2018\/10\/IMG_2318-1-768x1024.jpg\" class=\"attachment-medium_large size-medium_large wp-image-412\" alt=\"\" srcset=\"https:\/\/reycatermicocanarias.es\/wp-content\/uploads\/2018\/10\/IMG_2318-1-768x1024.jpg 768w, https:\/\/reycatermicocanarias.es\/wp-content\/uploads\/2018\/10\/IMG_2318-1-225x300.jpg 225w, https:\/\/reycatermicocanarias.es\/wp-content\/uploads\/2018\/10\/IMG_2318-1-1152x1536.jpg 1152w, https:\/\/reycatermicocanarias.es\/wp-content\/uploads\/2018\/10\/IMG_2318-1-1536x2048.jpg 1536w, https:\/\/reycatermicocanarias.es\/wp-content\/uploads\/2018\/10\/IMG_2318-1-scaled.jpg 1920w\" sizes=\"(max-width: 768px) 100vw, 768px\" \/>\t\t\t\t\t\t\t\t\t\t\t\t\t<\/div>\n\t\t\t\t<\/div>\n\t\t\t\t\t<\/div>\n\t\t<\/div>\n\t\t\t\t<div class=\"elementor-column elementor-col-50 elementor-top-column elementor-element elementor-element-0bafbc7\" data-id=\"0bafbc7\" data-element_type=\"column\">\n\t\t\t<div class=\"elementor-widget-wrap elementor-element-populated\">\n\t\t\t\t\t\t<div class=\"elementor-element elementor-element-401b6d8 elementor-widget elementor-widget-heading\" data-id=\"401b6d8\" data-element_type=\"widget\" data-widget_type=\"heading.default\">\n\t\t\t\t<div class=\"elementor-widget-container\">\n\t\t\t<h2 class=\"elementor-heading-title elementor-size-default\">Frigor\u00edficos dom\u00e9sticos<\/h2>\t\t<\/div>\n\t\t\t\t<\/div>\n\t\t\t\t<div class=\"elementor-element elementor-element-bdf59fe elementor-widget elementor-widget-text-editor\" data-id=\"bdf59fe\" data-element_type=\"widget\" data-widget_type=\"text-editor.default\">\n\t\t\t\t<div class=\"elementor-widget-container\">\n\t\t\t\t\t\t\t<p>Reparamos todo tipo de frigor\u00edficos de uso dom\u00e9stico: convencional, no-frost, inverter, &#8230;etc.<\/p>\t\t\t\t\t\t<\/div>\n\t\t\t\t<\/div>\n\t\t\t\t\t<\/div>\n\t\t<\/div>\n\t\t\t\t\t<\/div>\n\t\t<\/section>\n\t\t\t\t<\/div>\n\t\t","protected":false},"excerpt":{"rendered":"<p>Vitrocer\u00e1micas Reparamos e instalamos todo tipo de vitrocer\u00e1micas: radiantes y de inducci\u00f3n. Substituci\u00f3n de cristales, modulos, resistencias de cualquier marca. \u00a0 : Hornos Reparamos e instalamos todo tipo de hornos:convencionales, pirol\u00edticos y de gas. M\u00f3dulos, ventiladores, resistencias, inyectores y resto de componentes. Secadoras Reparamos e instalamos todo tipo de secadoras: ya sean de evacuaci\u00f3n, de&hellip;<\/p>\n","protected":false},"author":1,"featured_media":0,"parent":0,"menu_order":0,"comment_status":"closed","ping_status":"open","template":"","meta":{"footnotes":""},"_links":{"self":[{"href":"https:\/\/reycatermicocanarias.es\/index.php?rest_route=\/wp\/v2\/pages\/2"}],"collection":[{"href":"https:\/\/reycatermicocanarias.es\/index.php?rest_route=\/wp\/v2\/pages"}],"about":[{"href":"https:\/\/reycatermicocanarias.es\/index.php?rest_route=\/wp\/v2\/types\/page"}],"author":[{"embeddable":true,"href":"https:\/\/reycatermicocanarias.es\/index.php?rest_route=\/wp\/v2\/users\/1"}],"replies":[{"embeddable":true,"href":"https:\/\/reycatermicocanarias.es\/index.php?rest_route=%2Fwp%2Fv2%2Fcomments&post=2"}],"version-history":[{"count":28,"href":"https:\/\/reycatermicocanarias.es\/index.php?rest_route=\/wp\/v2\/pages\/2\/revisions"}],"predecessor-version":[{"id":504,"href":"https:\/\/reycatermicocanarias.es\/index.php?rest_route=\/wp\/v2\/pages\/2\/revisions\/504"}],"wp:attachment":[{"href":"https:\/\/reycatermicocanarias.es\/index.php?rest_route=%2Fwp%2Fv2%2Fmedia&parent=2"}],"curies":[{"name":"wp","href":"https:\/\/api.w.org\/{rel}","templated":true}]}}